{"id":10120,"date":"2023-09-25T15:49:59","date_gmt":"2023-09-25T13:49:59","guid":{"rendered":"https:\/\/www.comunitafiglididio.pistacchioweb.it\/?page_id=10120"},"modified":"2024-02-22T16:53:00","modified_gmt":"2024-02-22T15:53:00","slug":"el-testamento","status":"publish","type":"page","link":"https:\/\/www.comunitafiglididio.net\/es\/el-testamento\/","title":{"rendered":"El Testamento"},"content":{"rendered":"<p>[et_pb_section fb_built=&#8221;1&#8243; custom_padding_last_edited=&#8221;on|phone&#8221; _builder_version=&#8221;4.23.4&#8243; _module_preset=&#8221;default&#8221; background_image=&#8221;https:\/\/www.comunitafiglididio.net\/wp-content\/uploads\/2024\/02\/testamento-spirituale.webp&#8221; background_position=&#8221;bottom_center&#8221; background_vertical_offset=&#8221;55%&#8221; background_blend=&#8221;multiply&#8221; custom_padding=&#8221;75px||90px||false|&#8221; custom_padding_tablet=&#8221;75px||90px||false|&#8221; custom_padding_phone=&#8221;||50px||false|false&#8221; bottom_divider_style=&#8221;curve&#8221; bottom_divider_color=&#8221;#f7f7f7&#8243; bottom_divider_height_tablet=&#8221;&#8221; bottom_divider_height_phone=&#8221;45px&#8221; bottom_divider_height_last_edited=&#8221;on|phone&#8221; locked=&#8221;off&#8221; global_colors_info=&#8221;{}&#8221;][et_pb_row _builder_version=&#8221;4.20.2&#8243; _module_preset=&#8221;default&#8221; max_width=&#8221;2560px&#8221; locked=&#8221;off&#8221; global_colors_info=&#8221;{}&#8221;][et_pb_column type=&#8221;4_4&#8243; _builder_version=&#8221;4.20.2&#8243; _module_preset=&#8221;default&#8221; global_colors_info=&#8221;{}&#8221;][et_pb_text _builder_version=&#8221;4.23.4&#8243; _module_preset=&#8221;default&#8221; header_font=&#8221;Corinthia||||||||&#8221; header_text_align=&#8221;center&#8221; header_text_color=&#8221;#FFFFFF&#8221; header_font_size=&#8221;10vw&#8221; hover_transition_duration=&#8221;2000ms&#8221; scroll_vertical_motion=&#8221;0|80|80|100|0|0|12&#8243; scroll_fade=&#8221;0|70|70|100|100%|100|70%&#8221; motion_trigger_start=&#8221;bottom&#8221; hover_enabled=&#8221;0&#8243; header_font_size_tablet=&#8221;10vw&#8221; header_font_size_phone=&#8221;12vw&#8221; header_font_size_last_edited=&#8221;on|phone&#8221; scroll_vertical_motion_tablet=&#8221;0|50|50|100|0|0|0&#8243; scroll_vertical_motion_phone=&#8221;0|50|50|100|0|0|0&#8243; scroll_vertical_motion_last_edited=&#8221;on|desktop&#8221; global_colors_info=&#8221;{}&#8221; sticky_enabled=&#8221;0&#8243;]<\/p>\n<h1>El Testamento<\/h1>\n<p>[\/et_pb_text][\/et_pb_column][\/et_pb_row][\/et_pb_section][et_pb_section fb_built=&#8221;1&#8243; _builder_version=&#8221;4.21.0&#8243; _module_preset=&#8221;default&#8221; background_color=&#8221;#f7f7f7&#8243; locked=&#8221;off&#8221; global_colors_info=&#8221;{}&#8221;][et_pb_row _builder_version=&#8221;4.21.0&#8243; _module_preset=&#8221;default&#8221; locked=&#8221;off&#8221; global_colors_info=&#8221;{}&#8221;][et_pb_column type=&#8221;4_4&#8243; _builder_version=&#8221;4.20.2&#8243; _module_preset=&#8221;default&#8221; global_colors_info=&#8221;{}&#8221;][et_pb_text _builder_version=&#8221;4.23.4&#8243; _module_preset=&#8221;default&#8221; text_font=&#8221;Corinthia|700|||||||&#8221; text_text_color=&#8221;#000000&#8243; text_font_size=&#8221;60px&#8221; text_line_height=&#8221;1.2em&#8221; header_2_font=&#8221;Corinthia|700|||||||&#8221; header_2_text_color=&#8221;#000000&#8243; header_2_font_size=&#8221;60px&#8221; header_2_line_height=&#8221;1.2em&#8221; custom_margin=&#8221;||5px||false|false&#8221; hover_enabled=&#8221;0&#8243; text_font_size_tablet=&#8221;60px&#8221; text_font_size_phone=&#8221;45px&#8221; text_font_size_last_edited=&#8221;on|phone&#8221; header_2_font_size_tablet=&#8221;60px&#8221; header_2_font_size_phone=&#8221;45px&#8221; header_2_font_size_last_edited=&#8221;on|desktop&#8221; global_colors_info=&#8221;{}&#8221; sticky_enabled=&#8221;0&#8243;]<\/p>\n<h2 class=\"g-title\">El que verdaderamente cree vive m\u00e1s all\u00e1 de la muerte<\/h2>\n<p>[\/et_pb_text][et_pb_text _builder_version=&#8221;4.23.4&#8243; _module_preset=&#8221;default&#8221; text_font=&#8221;Poppins|300|||||||&#8221; text_text_color=&#8221;#000000&#8243; text_font_size=&#8221;20px&#8221; text_line_height=&#8221;1.2em&#8221; hover_enabled=&#8221;0&#8243; text_font_size_tablet=&#8221;20px&#8221; text_font_size_phone=&#8221;17px&#8221; text_font_size_last_edited=&#8221;on|phone&#8221; global_colors_info=&#8221;{}&#8221; sticky_enabled=&#8221;0&#8243;]<\/p>\n<p>\u00a1Tened confianza! La muerte no me da miedo, pues ya he vivido un anticipo de mi comuni\u00f3n con \u00c9l a trav\u00e9s de aquellos a quienes he amado. \u00a1Tened confianza! Dios no os faltar\u00e1. No os preocup\u00e9is porque se\u00e1is pocos; lo importante es que est\u00e9is unidos. Recordad que la vida religiosa es un compromiso de fe en Dios que est\u00e1 presente y que es el Amor infinito. Pero, justamente por esto, \u00c9l no nos puede dar prueba de lo infinito que es su amor mientras vivamos en el cuerpo. Los consuelos que Dios nos da en este mundo no son sino una ayuda para que vivamos en la fe la adhesi\u00f3n a su voluntad. Por esto os pido esta fe, una fe sencilla, pura, pero grande. Dios no os faltar\u00e1. Os entregasteis a \u00c9l y \u00c9l os acogi\u00f3: le pertenec\u00e9is para siempre. Es algo muy secundario que la barrera del cuerpo nos impida vivir juntos. La uni\u00f3n con \u00c9l no se realiza en la experiencia sensible, sino en Cristo quien nos uni\u00f3 a S\u00ed mismo y quiso hacer de nosotros un solo Cuerpo con \u00c9l. Amad a la Iglesia, el sacramento visible de la presencia de Dios aqu\u00ed en esta tierra. Estad ciertos y seguros de vuestra vocaci\u00f3n y defendedla. A todos \u2013 y especialmente a los de la vida com\u00fan \u2013 quiero dirigir mi \u00faltimo saludo, mi agradecimiento m\u00e1s f\u00e9rvido, m\u00e1s vivo, mi promesa de no abandonar a ninguno. Os recomiendo que est\u00e9is unidos. No dud\u00e9is, no os dispers\u00e9is, no os desalent\u00e9is. Dios os pide la fe y, cuanto m\u00e1s verdadera sea \u00e9sta, tanto m\u00e1s potente es. Acordaos de la semilla de mostaza. Deb\u00e9is creer en Dios que os ha llamado. Yo os dejo aparentemente. En realidad, estoy con vosotros m\u00e1s que antes. Mas para vosotros debe ser cierta, antes que la presencia m\u00eda, la de Cristo, quien os ha llamado y os ha unido. Recordad que la consagraci\u00f3n a Dios, la uni\u00f3n con \u00c9l, se vuelve real y segura s\u00f3lo en la uni\u00f3n fraterna con aquellos que Dios une a nosotros en la misma vocaci\u00f3n, en el mismo camino.Si os dispers\u00e1is, no s\u00f3lo pec\u00e1is contra la unidad, sino que perd\u00e9is tambi\u00e9n al Se\u00f1or o, por lo menos, compromet\u00e9is gravemente vuestra respuesta a \u00c9l. Nos lo ense\u00f1a toda la tradici\u00f3n cristiana.<\/p>\n<p>[\/et_pb_text][\/et_pb_column][\/et_pb_row][et_pb_row column_structure=&#8221;1_4,1_4,1_4,1_4&#8243; use_custom_gutter=&#8221;on&#8221; gutter_width=&#8221;1&#8243; _builder_version=&#8221;4.21.0&#8243; _module_preset=&#8221;default&#8221; width=&#8221;100%&#8221; max_width=&#8221;2560px&#8221; global_colors_info=&#8221;{}&#8221;][et_pb_column type=&#8221;1_4&#8243; _builder_version=&#8221;4.21.0&#8243; _module_preset=&#8221;default&#8221; global_colors_info=&#8221;{}&#8221;][et_pb_image src=&#8221;https:\/\/www.comunitafiglididio.net\/wp-content\/uploads\/2024\/02\/testamento-spirituale-divo-barsotti.webp&#8221; alt=&#8221;testamento-spirituale-divo-barsotti&#8221; title_text=&#8221;testamento-spirituale-divo-barsotti&#8221; _builder_version=&#8221;4.23.4&#8243; _module_preset=&#8221;default&#8221; global_colors_info=&#8221;{}&#8221;][\/et_pb_image][\/et_pb_column][et_pb_column type=&#8221;1_4&#8243; _builder_version=&#8221;4.21.0&#8243; _module_preset=&#8221;default&#8221; global_colors_info=&#8221;{}&#8221;][et_pb_image src=&#8221;https:\/\/www.comunitafiglididio.net\/wp-content\/uploads\/2024\/02\/testamento-spirituale-divo-barsotti.webp&#8221; alt=&#8221;testamento-spirituale-divo-barsotti&#8221; title_text=&#8221;testamento-spirituale-divo-barsotti&#8221; _builder_version=&#8221;4.23.4&#8243; _module_preset=&#8221;default&#8221; filter_hue_rotate=&#8221;203deg&#8221; filter_saturate=&#8221;200%&#8221; global_colors_info=&#8221;{}&#8221;][\/et_pb_image][\/et_pb_column][et_pb_column type=&#8221;1_4&#8243; _builder_version=&#8221;4.21.0&#8243; _module_preset=&#8221;default&#8221; global_colors_info=&#8221;{}&#8221;][et_pb_image src=&#8221;https:\/\/www.comunitafiglididio.net\/wp-content\/uploads\/2024\/02\/testamento-spirituale-divo-barsotti.webp&#8221; alt=&#8221;testamento-spirituale-divo-barsotti&#8221; title_text=&#8221;testamento-spirituale-divo-barsotti&#8221; _builder_version=&#8221;4.23.4&#8243; _module_preset=&#8221;default&#8221; filter_hue_rotate=&#8221;256deg&#8221; filter_saturate=&#8221;200%&#8221; global_colors_info=&#8221;{}&#8221;][\/et_pb_image][\/et_pb_column][et_pb_column type=&#8221;1_4&#8243; _builder_version=&#8221;4.21.0&#8243; _module_preset=&#8221;default&#8221; global_colors_info=&#8221;{}&#8221;][et_pb_image src=&#8221;https:\/\/www.comunitafiglididio.net\/wp-content\/uploads\/2024\/02\/testamento-spirituale-divo-barsotti.webp&#8221; alt=&#8221;testamento-spirituale-divo-barsotti&#8221; title_text=&#8221;testamento-spirituale-divo-barsotti&#8221; _builder_version=&#8221;4.23.4&#8243; _module_preset=&#8221;default&#8221; filter_hue_rotate=&#8221;47deg&#8221; filter_saturate=&#8221;200%&#8221; filter_sepia=&#8221;100%&#8221; global_colors_info=&#8221;{}&#8221;][\/et_pb_image][\/et_pb_column][\/et_pb_row][et_pb_row _builder_version=&#8221;4.21.0&#8243; _module_preset=&#8221;default&#8221; locked=&#8221;off&#8221; global_colors_info=&#8221;{}&#8221;][et_pb_column type=&#8221;4_4&#8243; _builder_version=&#8221;4.20.2&#8243; _module_preset=&#8221;default&#8221; global_colors_info=&#8221;{}&#8221;][et_pb_text _builder_version=&#8221;4.23.4&#8243; _module_preset=&#8221;default&#8221; text_font=&#8221;Poppins|300|||||||&#8221; text_text_color=&#8221;#000000&#8243; text_font_size=&#8221;20px&#8221; text_line_height=&#8221;1.2em&#8221; hover_enabled=&#8221;0&#8243; text_font_size_tablet=&#8221;20px&#8221; text_font_size_phone=&#8221;17px&#8221; text_font_size_last_edited=&#8221;on|phone&#8221; global_colors_info=&#8221;{}&#8221; sticky_enabled=&#8221;0&#8243;]<\/p>\n<div class=\"su-column su-column-size-1-2\">\n<div class=\"su-column-inner su-u-clearfix su-u-trim\">No es a m\u00ed a quien os hab\u00e9is entregado, sino a Dios, y Dios os ha acogido. Y ahora me dirijo a todos los que est\u00e1is en el mundo, en las primeras Ramas de la Comunidad. Se os impone a todos una certeza m\u00e1s grande de vuestra vocaci\u00f3n y de la obra de Dios que hab\u00e9is sido llamados a realizar en la uni\u00f3n entre vosotros. Recomiendo sobre todo a los que ten\u00e9is m\u00e1s a\u00f1os de consagraci\u00f3n que se\u00e1is un ejemplo de vida, que permanezc\u00e1is <span style=\"font-size: 20px;\">firmes en la fe, seguros de que la Comunidad es una obra querida por Dios, obra que, sin embargo, a vosotros os toca realizar, con sencillez pero con perseverancia, con humildad pero con la convicci\u00f3n de responder a un llamamiento preciso del Se\u00f1or. Os recomiendo la concordia entre vosotros y la obediencia a los superiores leg\u00edtimos. Al dejar esta vida, me siento en deuda con innumerables almas que me ayudaron con su ejemplo y con su amor. Iluminaron mi senda, me sostuvieron con sus consejos, tuvieron paciencia conmigo. Dios me hizo conocer grandes almas, me vincul\u00f3 a ellas con profunda amistad y veneraci\u00f3n. Espero volver a encontrarlas a todas en el cielo, en donde la comuni\u00f3n del amor ser\u00e1 perfecta y eterna. Estoy seguro de que la Virgen querr\u00e1 recibirme como hijo suyo, junto con Aquel a quien trat\u00e9 de amar m\u00e1s que a todos, Jes\u00fas bendito. Ella saldr\u00e1 a mi encuentro, ya habr\u00e1 obtenido el perd\u00f3n de todos mis pecados y de mis innumerables infidelidades. Pero con Jes\u00fas y la Virgen espero que saldr\u00e1 a recibirme tambi\u00e9n la muchedumbre de almas a las que, en el tiempo, el Se\u00f1or quiso unirme con un v\u00ednculo de paternidad y, a veces, de dependencia filial. Volver\u00e9 a ver a mis hermanos de sangre, a pap\u00e1, a mam\u00e1. Pero, claro, la unidad m\u00e1s verdadera, la m\u00e1s grande en el amor, mi uni\u00f3n con Cristo, ser\u00e1 la uni\u00f3n con todos mis hijos. S\u00e9 que falt\u00e9 mucho para con ellos, pero al mismo tiempo s\u00e9 que todo me ha sido perdonado. No recib\u00ed sino amor. Solamente Dios podr\u00eda recompensar a cada uno por todo lo que me dio. \u00a1Cu\u00e1ntas grandes almas en la Comunidad a la cual Dios quiso que perteneci\u00e9ramos! Almas sencillas, humildes, pero tambi\u00e9n almas grandes. Lo que he sido para ellas s\u00f3lo Dios puede decirlo. De todos modos s\u00e9 que deber\u00eda haber sido, infinitamente m\u00e1s, una imagen viva de Aquel a quien representaba. \u00a1Qu\u00e9 inmensa comuni\u00f3n de amor ser\u00e1 nuestra vida en el cielo! Pero \u00e9sta no me apartar\u00e1 de la que mantengo con quienes dejo en la tierra. Y la comuni\u00f3n ser\u00e1 con el Padre, con el Hijo y con el Esp\u00edritu Santo: en el seno de la Trinidad Sant\u00edsima, todos nosotros no seremos sino un \u00fanico himno de alabanza, agradecimiento y amor. \u00abEscucha, Israel: el Se\u00f1or es nuestro Dios, el Se\u00f1or es uno. Amar\u00e1s al Se\u00f1or tu Dios con todo tu coraz\u00f3n, con toda tu alma y con todas tus fuerzas. Amar\u00e1s a tu pr\u00f3jimo como a ti mismo\u00bb (Dt 6, 4-5; Lv 19, 18).<\/span><\/div>\n<\/div>\n<p>[\/et_pb_text][et_pb_text _builder_version=&#8221;4.23.4&#8243; _module_preset=&#8221;default&#8221; text_font=&#8221;Poppins|300|||||||&#8221; text_text_color=&#8221;#000000&#8243; text_font_size=&#8221;20px&#8221; text_line_height=&#8221;1.2em&#8221; hover_enabled=&#8221;0&#8243; text_font_size_tablet=&#8221;20px&#8221; text_font_size_phone=&#8221;17px&#8221; text_font_size_last_edited=&#8221;on|phone&#8221; global_colors_info=&#8221;{}&#8221; sticky_enabled=&#8221;0&#8243;]<\/p>\n<p style=\"text-align: right;\"><strong><em>\u201cEl Padre<\/em><\/strong><strong><em>\u201d<\/em><\/strong><\/p>\n<p>[\/et_pb_text][\/et_pb_column][\/et_pb_row][\/et_pb_section]<\/p>\n","protected":false},"excerpt":{"rendered":"<p>El TestamentoEl que verdaderamente cree vive m\u00e1s all\u00e1 de la muerte\u00a1Tened confianza! La muerte no me da miedo, pues ya he vivido un anticipo de mi comuni\u00f3n con \u00c9l a trav\u00e9s de aquellos a quienes he amado. \u00a1Tened confianza! Dios no os faltar\u00e1. No os preocup\u00e9is porque se\u00e1is pocos; lo importante es que est\u00e9is unidos. Recordad que la vida religiosa es un compromiso de fe en Dios que est\u00e1 presente y que es el Amor infinito. Pero, justamente por esto, \u00c9l no nos puede dar prueba de lo infinito que es su amor mientras vivamos en el cuerpo. Los consuelos que Dios nos da en este mundo no son sino una ayuda para que vivamos en la fe la adhesi\u00f3n a su voluntad. Por esto os pido esta fe, una fe sencilla, pura, pero grande. Dios no os faltar\u00e1. Os entregasteis a \u00c9l y \u00c9l os acogi\u00f3: le pertenec\u00e9is para siempre. Es algo muy secundario que la barrera del cuerpo nos impida vivir juntos. La uni\u00f3n con \u00c9l no se realiza en la experiencia sensible, sino en Cristo quien nos uni\u00f3 a S\u00ed mismo y quiso hacer de nosotros un solo Cuerpo con \u00c9l. Amad a la Iglesia, el sacramento [&hellip;]<\/p>\n","protected":false},"author":1,"featured_media":9916,"parent":0,"menu_order":0,"comment_status":"closed","ping_status":"closed","template":"","meta":{"_et_pb_use_builder":"on","_et_pb_old_content":"<p>[et_pb_section fb_built=\"1\" custom_padding_last_edited=\"on|phone\" _builder_version=\"4.23.4\" _module_preset=\"default\" background_image=\"https:\/\/www.comunitafiglididio.net\/wp-content\/uploads\/2024\/02\/testamento-spirituale.webp\" background_position=\"bottom_center\" background_vertical_offset=\"55%\" background_blend=\"multiply\" custom_padding=\"75px||90px||false|\" custom_padding_tablet=\"75px||90px||false|\" custom_padding_phone=\"||50px||false|false\" bottom_divider_style=\"curve\" bottom_divider_color=\"#f7f7f7\" bottom_divider_height_tablet=\"\" bottom_divider_height_phone=\"45px\" bottom_divider_height_last_edited=\"on|phone\" locked=\"off\" global_colors_info=\"{}\"][et_pb_row _builder_version=\"4.20.2\" _module_preset=\"default\" max_width=\"2560px\" locked=\"off\" global_colors_info=\"{}\"][et_pb_column type=\"4_4\" _builder_version=\"4.20.2\" _module_preset=\"default\" global_colors_info=\"{}\"][et_pb_text _builder_version=\"4.23.4\" _module_preset=\"default\" header_font=\"Corinthia||||||||\" header_text_align=\"center\" header_text_color=\"#FFFFFF\" header_font_size=\"10vw\" hover_transition_duration=\"2000ms\" scroll_vertical_motion=\"0|80|80|100|0|0|12\" scroll_fade=\"0|70|70|100|100%|100|70%\" motion_trigger_start=\"bottom\" header_font_size_tablet=\"10vw\" header_font_size_phone=\"12vw\" header_font_size_last_edited=\"on|phone\" scroll_vertical_motion_tablet=\"0|50|50|100|0|0|0\" scroll_vertical_motion_phone=\"0|50|50|100|0|0|0\" scroll_vertical_motion_last_edited=\"on|desktop\" global_colors_info=\"{}\"]<\/p><h1>Testament of Divo Barsotti<\/h1><p>[\/et_pb_text][\/et_pb_column][\/et_pb_row][\/et_pb_section][et_pb_section fb_built=\"1\" _builder_version=\"4.21.0\" _module_preset=\"default\" background_color=\"#f7f7f7\" locked=\"off\" global_colors_info=\"{}\"][et_pb_row _builder_version=\"4.21.0\" _module_preset=\"default\" locked=\"off\" global_colors_info=\"{}\"][et_pb_column type=\"4_4\" _builder_version=\"4.20.2\" _module_preset=\"default\" global_colors_info=\"{}\"][et_pb_text _builder_version=\"4.23.4\" _module_preset=\"default\" text_font=\"Corinthia|700|||||||\" text_text_color=\"#000000\" text_font_size=\"60px\" text_line_height=\"1.2em\" header_2_font=\"Corinthia|700|||||||\" header_2_text_color=\"#000000\" header_2_font_size=\"60px\" header_2_line_height=\"1.2em\" custom_margin=\"||5px||false|false\" text_font_size_tablet=\"60px\" text_font_size_phone=\"45px\" text_font_size_last_edited=\"on|phone\" header_2_font_size_tablet=\"60px\" header_2_font_size_phone=\"45px\" header_2_font_size_last_edited=\"on|desktop\" global_colors_info=\"{}\"]<\/p><h2 class=\"p-rich_text_section\">Have faith<\/h2><p>[\/et_pb_text][et_pb_text _builder_version=\"4.23.4\" _module_preset=\"default\" text_font=\"Poppins|300|||||||\" text_text_color=\"#000000\" text_font_size=\"20px\" text_line_height=\"1.2em\" text_font_size_tablet=\"20px\" text_font_size_phone=\"17px\" text_font_size_last_edited=\"on|phone\" global_colors_info=\"{}\"]<\/p><p>I have no fear of Death; I have already experienced a foretaste of communion with Him through those I have loved. Have faith. God will not fail you. Do not worry about your numbers; the important thing is to stay united. Remember that the religious life is a commitment of faith in God who is present and who is infinite Love. And that is exactly why He cannot give us the proof of this while we are still living here on earth. Any consolation in this life is only an aid for us so that we can live in faith according to His will. That is why I ask you to have faith, a simple faith, pure but great. God will not fail you. You have given yourselves to Him, and He has taken you; you are His forever. It is only a relative fact that the wall of the body prevents us from living together. Union with Him is not to be found in a sensory experience, but in Christ Who has united us to Himself and has wanted us to be One Body with Him. Love the Church, the visible sacrament of the Presence of God here on earth. Be sure and certain of your vocation and know how to defend it. To all of you \u2013 especially those of the common life \u2013 I want to give my last goodbye, my warmest and most sincere thanks, my assurance that I will never abandon you. I urge you to be united; do not doubt, do not disperse, do not be discouraged. God is asking you to have faith, and the truer this faith, the more powerful it will be. Remember the mustard seed. You must believe in God Who has called you. I will apparently leave you, but in reality, I will be with you more than before. But before my presence, your conviction must be in Christ Who has called you and joined you all together. Remember that one\u2019s consecration to God, one\u2019s union with Him, becomes real and certain only in fraternal unity with those God has united in the same vocation and spiritual journey. If you disperse, not only will you fail in unity, but you will also seriously compromise your response to the Lord.<\/p><p>The whole of Christian tradition teaches us this<\/p><p>[\/et_pb_text][\/et_pb_column][\/et_pb_row][et_pb_row column_structure=\"1_4,1_4,1_4,1_4\" use_custom_gutter=\"on\" gutter_width=\"1\" _builder_version=\"4.21.0\" _module_preset=\"default\" width=\"100%\" max_width=\"2560px\" global_colors_info=\"{}\"][et_pb_column type=\"1_4\" _builder_version=\"4.21.0\" _module_preset=\"default\" global_colors_info=\"{}\"][et_pb_image src=\"https:\/\/www.comunitafiglididio.net\/wp-content\/uploads\/2024\/02\/testamento-spirituale-divo-barsotti.webp\" alt=\"testamento-spirituale-divo-barsotti\" title_text=\"testamento-spirituale-divo-barsotti\" _builder_version=\"4.23.4\" _module_preset=\"default\" global_colors_info=\"{}\"][\/et_pb_image][\/et_pb_column][et_pb_column type=\"1_4\" _builder_version=\"4.21.0\" _module_preset=\"default\" global_colors_info=\"{}\"][et_pb_image src=\"https:\/\/www.comunitafiglididio.net\/wp-content\/uploads\/2024\/02\/testamento-spirituale-divo-barsotti.webp\" alt=\"testamento-spirituale-divo-barsotti\" title_text=\"testamento-spirituale-divo-barsotti\" _builder_version=\"4.23.4\" _module_preset=\"default\" filter_hue_rotate=\"203deg\" filter_saturate=\"200%\" global_colors_info=\"{}\"][\/et_pb_image][\/et_pb_column][et_pb_column type=\"1_4\" _builder_version=\"4.21.0\" _module_preset=\"default\" global_colors_info=\"{}\"][et_pb_image src=\"https:\/\/www.comunitafiglididio.net\/wp-content\/uploads\/2024\/02\/testamento-spirituale-divo-barsotti.webp\" alt=\"testamento-spirituale-divo-barsotti\" title_text=\"testamento-spirituale-divo-barsotti\" _builder_version=\"4.23.4\" _module_preset=\"default\" filter_hue_rotate=\"256deg\" filter_saturate=\"200%\" global_colors_info=\"{}\"][\/et_pb_image][\/et_pb_column][et_pb_column type=\"1_4\" _builder_version=\"4.21.0\" _module_preset=\"default\" global_colors_info=\"{}\"][et_pb_image src=\"https:\/\/www.comunitafiglididio.net\/wp-content\/uploads\/2024\/02\/testamento-spirituale-divo-barsotti.webp\" alt=\"testamento-spirituale-divo-barsotti\" title_text=\"testamento-spirituale-divo-barsotti\" _builder_version=\"4.23.4\" _module_preset=\"default\" filter_hue_rotate=\"47deg\" filter_saturate=\"200%\" filter_sepia=\"100%\" global_colors_info=\"{}\"][\/et_pb_image][\/et_pb_column][\/et_pb_row][et_pb_row _builder_version=\"4.21.0\" _module_preset=\"default\" locked=\"off\" global_colors_info=\"{}\"][et_pb_column type=\"4_4\" _builder_version=\"4.20.2\" _module_preset=\"default\" global_colors_info=\"{}\"][et_pb_text _builder_version=\"4.23.4\" _module_preset=\"default\" text_font=\"Poppins|300|||||||\" text_text_color=\"#000000\" text_font_size=\"20px\" text_line_height=\"1.2em\" text_font_size_tablet=\"20px\" text_font_size_phone=\"17px\" text_font_size_last_edited=\"on|phone\" global_colors_info=\"{}\"]<\/p><p>It is not to me that you have given yourselves, but to God, and God has accepted you. And now, particularly to all those of you who are in the world, in the first branches of the Community. From all of you, a greater conviction is required in your vocation and in the work of God that you have been called to create in this union among yourselves. I would urge especially those who have been consecrated for the longest time to be a living example, to be firm in faith, to be certain that the Community is the work of God, wanted by God, yet a work which you yourselves have to perform, with simplicity and perseverance, with humility but in the conviction that you are answering a precise calling of the Lord. I urge you to live in peace and harmony amongst yourselves and to be obedient to your superiors. As I leave this life, I feel indebted to numerous souls who have helped me by their example and their love. They have illuminated my path, supported me with their advice and have been patient with me. Together with Him Whom I have tried to love above all others, Blessed Jesus, I ask the Virgin to welcome me as Her son; She will come to meet me, having already obtained for me the pardon of all my sins and numerous infidelities. But with Jesus and the Virgin, I hope that numerous other souls will come to meet me, those to whom the Lord was pleased to bind me in bonds of paternity and often in a relationship of filial dependence. I will see again my blood brothers, my father and mother; but most certainly, the greatest and truest unity in love, in my union in Christ, will be with all my sons and daughters. I know that I have failed them many times, but I also know that I have been forgiven for everything. I have received nothing but love. Only God could reward each one of them for all they have given me. How many great souls there are in this Community to which God has called us! Simple, humble souls, but great souls. What I have been for them, only God can say. However, I do know that I should have been much more of a living image of Him Whom I was representing. What an immense communion of love will be ours in Heaven! But this will not take me away from communion with those I now leave here on earth. And this communion will be with the Father, the Son and the Holy Spirit: within the bosom of the Most Holy Trinity, we will become a single hymn of praise, thanksgiving and love. \u201cHear, O Israel. The Lord our God is one Lord. And you shall love the Lord Your God with all your heart, with all your soul and with all your might. And you shall love your neighbour as yourself.\"<\/p><p>[\/et_pb_text][et_pb_text _builder_version=\"4.23.4\" _module_preset=\"default\" text_font=\"Poppins|300|||||||\" text_text_color=\"#000000\" text_font_size=\"20px\" text_line_height=\"1.2em\" text_font_size_tablet=\"20px\" text_font_size_phone=\"17px\" text_font_size_last_edited=\"on|phone\" global_colors_info=\"{}\"]<\/p><p style=\"text-align: right;\"><strong><em>\u201cThe Father<\/em><\/strong><strong><em>\u201d<\/em><\/strong><\/p><p>[\/et_pb_text][\/et_pb_column][\/et_pb_row][\/et_pb_section]<\/p>","_et_gb_content_width":"","footnotes":""},"aioseo_notices":[],"_links":{"self":[{"href":"https:\/\/www.comunitafiglididio.net\/es\/wp-json\/wp\/v2\/pages\/10120"}],"collection":[{"href":"https:\/\/www.comunitafiglididio.net\/es\/wp-json\/wp\/v2\/pages"}],"about":[{"href":"https:\/\/www.comunitafiglididio.net\/es\/wp-json\/wp\/v2\/types\/page"}],"author":[{"embeddable":true,"href":"https:\/\/www.comunitafiglididio.net\/es\/wp-json\/wp\/v2\/users\/1"}],"replies":[{"embeddable":true,"href":"https:\/\/www.comunitafiglididio.net\/es\/wp-json\/wp\/v2\/comments?post=10120"}],"version-history":[{"count":4,"href":"https:\/\/www.comunitafiglididio.net\/es\/wp-json\/wp\/v2\/pages\/10120\/revisions"}],"predecessor-version":[{"id":10154,"href":"https:\/\/www.comunitafiglididio.net\/es\/wp-json\/wp\/v2\/pages\/10120\/revisions\/10154"}],"wp:featuredmedia":[{"embeddable":true,"href":"https:\/\/www.comunitafiglididio.net\/es\/wp-json\/wp\/v2\/media\/9916"}],"wp:attachment":[{"href":"https:\/\/www.comunitafiglididio.net\/es\/wp-json\/wp\/v2\/media?parent=10120"}],"curies":[{"name":"wp","href":"https:\/\/api.w.org\/{rel}","templated":true}]}}