{"id":10089,"date":"2023-09-25T15:49:59","date_gmt":"2023-09-25T13:49:59","guid":{"rendered":"https:\/\/www.comunitafiglididio.pistacchioweb.it\/?page_id=10089"},"modified":"2024-02-22T16:04:59","modified_gmt":"2024-02-22T15:04:59","slug":"testamento-spirituale","status":"publish","type":"page","link":"https:\/\/www.comunitafiglididio.net\/en\/testament-of-divo-barsotti\/","title":{"rendered":"Testament Of Divo Barsotti"},"content":{"rendered":"<p>[et_pb_section fb_built=&#8221;1&#8243; custom_padding_last_edited=&#8221;on|phone&#8221; _builder_version=&#8221;4.23.4&#8243; _module_preset=&#8221;default&#8221; background_image=&#8221;https:\/\/www.comunitafiglididio.net\/wp-content\/uploads\/2024\/02\/testamento-spirituale.webp&#8221; background_position=&#8221;bottom_center&#8221; background_vertical_offset=&#8221;55%&#8221; background_blend=&#8221;multiply&#8221; custom_padding=&#8221;75px||90px||false|&#8221; custom_padding_tablet=&#8221;75px||90px||false|&#8221; custom_padding_phone=&#8221;||50px||false|false&#8221; bottom_divider_style=&#8221;curve&#8221; bottom_divider_color=&#8221;#f7f7f7&#8243; bottom_divider_height_tablet=&#8221;&#8221; bottom_divider_height_phone=&#8221;45px&#8221; bottom_divider_height_last_edited=&#8221;on|phone&#8221; locked=&#8221;off&#8221; global_colors_info=&#8221;{}&#8221;][et_pb_row _builder_version=&#8221;4.20.2&#8243; _module_preset=&#8221;default&#8221; max_width=&#8221;2560px&#8221; locked=&#8221;off&#8221; global_colors_info=&#8221;{}&#8221;][et_pb_column type=&#8221;4_4&#8243; _builder_version=&#8221;4.20.2&#8243; _module_preset=&#8221;default&#8221; global_colors_info=&#8221;{}&#8221;][et_pb_text _builder_version=&#8221;4.23.4&#8243; _module_preset=&#8221;default&#8221; header_font=&#8221;Corinthia||||||||&#8221; header_text_align=&#8221;center&#8221; header_text_color=&#8221;#FFFFFF&#8221; header_font_size=&#8221;10vw&#8221; hover_transition_duration=&#8221;2000ms&#8221; scroll_vertical_motion=&#8221;0|80|80|100|0|0|12&#8243; scroll_fade=&#8221;0|70|70|100|100%|100|70%&#8221; motion_trigger_start=&#8221;bottom&#8221; header_font_size_tablet=&#8221;10vw&#8221; header_font_size_phone=&#8221;12vw&#8221; header_font_size_last_edited=&#8221;on|phone&#8221; scroll_vertical_motion_tablet=&#8221;0|50|50|100|0|0|0&#8243; scroll_vertical_motion_phone=&#8221;0|50|50|100|0|0|0&#8243; scroll_vertical_motion_last_edited=&#8221;on|desktop&#8221; global_colors_info=&#8221;{}&#8221;]<\/p>\n<h1>Testament of Divo Barsotti<\/h1>\n<p>[\/et_pb_text][\/et_pb_column][\/et_pb_row][\/et_pb_section][et_pb_section fb_built=&#8221;1&#8243; _builder_version=&#8221;4.21.0&#8243; _module_preset=&#8221;default&#8221; background_color=&#8221;#f7f7f7&#8243; locked=&#8221;off&#8221; global_colors_info=&#8221;{}&#8221;][et_pb_row _builder_version=&#8221;4.21.0&#8243; _module_preset=&#8221;default&#8221; locked=&#8221;off&#8221; global_colors_info=&#8221;{}&#8221;][et_pb_column type=&#8221;4_4&#8243; _builder_version=&#8221;4.20.2&#8243; _module_preset=&#8221;default&#8221; global_colors_info=&#8221;{}&#8221;][et_pb_text _builder_version=&#8221;4.23.4&#8243; _module_preset=&#8221;default&#8221; text_font=&#8221;Corinthia|700|||||||&#8221; text_text_color=&#8221;#000000&#8243; text_font_size=&#8221;60px&#8221; text_line_height=&#8221;1.2em&#8221; header_2_font=&#8221;Corinthia|700|||||||&#8221; header_2_text_color=&#8221;#000000&#8243; header_2_font_size=&#8221;60px&#8221; header_2_line_height=&#8221;1.2em&#8221; custom_margin=&#8221;||5px||false|false&#8221; text_font_size_tablet=&#8221;60px&#8221; text_font_size_phone=&#8221;45px&#8221; text_font_size_last_edited=&#8221;on|phone&#8221; header_2_font_size_tablet=&#8221;60px&#8221; header_2_font_size_phone=&#8221;45px&#8221; header_2_font_size_last_edited=&#8221;on|desktop&#8221; global_colors_info=&#8221;{}&#8221;]<\/p>\n<h2 class=\"p-rich_text_section\">Have faith<\/h2>\n<p>[\/et_pb_text][et_pb_text _builder_version=&#8221;4.23.4&#8243; _module_preset=&#8221;default&#8221; text_font=&#8221;Poppins|300|||||||&#8221; text_text_color=&#8221;#000000&#8243; text_font_size=&#8221;20px&#8221; text_line_height=&#8221;1.2em&#8221; text_font_size_tablet=&#8221;20px&#8221; text_font_size_phone=&#8221;17px&#8221; text_font_size_last_edited=&#8221;on|phone&#8221; global_colors_info=&#8221;{}&#8221;]<\/p>\n<p>I have no fear of Death; I have already experienced a foretaste of communion with Him through those I have loved. Have faith. God will not fail you. Do not worry about your numbers; the important thing is to stay united. Remember that the religious life is a commitment of faith in God who is present and who is infinite Love. And that is exactly why He cannot give us the proof of this while we are still living here on earth. Any consolation in this life is only an aid for us so that we can live in faith according to His will. That is why I ask you to have faith, a simple faith, pure but great. God will not fail you. You have given yourselves to Him, and He has taken you; you are His forever. It is only a relative fact that the wall of the body prevents us from living together. Union with Him is not to be found in a sensory experience, but in Christ Who has united us to Himself and has wanted us to be One Body with Him. Love the Church, the visible sacrament of the Presence of God here on earth. Be sure and certain of your vocation and know how to defend it. To all of you \u2013 especially those of the common life \u2013 I want to give my last goodbye, my warmest and most sincere thanks, my assurance that I will never abandon you. I urge you to be united; do not doubt, do not disperse, do not be discouraged. God is asking you to have faith, and the truer this faith, the more powerful it will be. Remember the mustard seed. You must believe in God Who has called you. I will apparently leave you, but in reality, I will be with you more than before. But before my presence, your conviction must be in Christ Who has called you and joined you all together. Remember that one\u2019s consecration to God, one\u2019s union with Him, becomes real and certain only in fraternal unity with those God has united in the same vocation and spiritual journey. If you disperse, not only will you fail in unity, but you will also seriously compromise your response to the Lord. <\/p>\n<p>The whole of Christian tradition teaches us this<\/p>\n<p>[\/et_pb_text][\/et_pb_column][\/et_pb_row][et_pb_row column_structure=&#8221;1_4,1_4,1_4,1_4&#8243; use_custom_gutter=&#8221;on&#8221; gutter_width=&#8221;1&#8243; _builder_version=&#8221;4.21.0&#8243; _module_preset=&#8221;default&#8221; width=&#8221;100%&#8221; max_width=&#8221;2560px&#8221; global_colors_info=&#8221;{}&#8221;][et_pb_column type=&#8221;1_4&#8243; _builder_version=&#8221;4.21.0&#8243; _module_preset=&#8221;default&#8221; global_colors_info=&#8221;{}&#8221;][et_pb_image src=&#8221;https:\/\/www.comunitafiglididio.net\/wp-content\/uploads\/2024\/02\/testamento-spirituale-divo-barsotti.webp&#8221; alt=&#8221;testamento-spirituale-divo-barsotti&#8221; title_text=&#8221;testamento-spirituale-divo-barsotti&#8221; _builder_version=&#8221;4.23.4&#8243; _module_preset=&#8221;default&#8221; global_colors_info=&#8221;{}&#8221;][\/et_pb_image][\/et_pb_column][et_pb_column type=&#8221;1_4&#8243; _builder_version=&#8221;4.21.0&#8243; _module_preset=&#8221;default&#8221; global_colors_info=&#8221;{}&#8221;][et_pb_image src=&#8221;https:\/\/www.comunitafiglididio.net\/wp-content\/uploads\/2024\/02\/testamento-spirituale-divo-barsotti.webp&#8221; alt=&#8221;testamento-spirituale-divo-barsotti&#8221; title_text=&#8221;testamento-spirituale-divo-barsotti&#8221; _builder_version=&#8221;4.23.4&#8243; _module_preset=&#8221;default&#8221; filter_hue_rotate=&#8221;203deg&#8221; filter_saturate=&#8221;200%&#8221; global_colors_info=&#8221;{}&#8221;][\/et_pb_image][\/et_pb_column][et_pb_column type=&#8221;1_4&#8243; _builder_version=&#8221;4.21.0&#8243; _module_preset=&#8221;default&#8221; global_colors_info=&#8221;{}&#8221;][et_pb_image src=&#8221;https:\/\/www.comunitafiglididio.net\/wp-content\/uploads\/2024\/02\/testamento-spirituale-divo-barsotti.webp&#8221; alt=&#8221;testamento-spirituale-divo-barsotti&#8221; title_text=&#8221;testamento-spirituale-divo-barsotti&#8221; _builder_version=&#8221;4.23.4&#8243; _module_preset=&#8221;default&#8221; filter_hue_rotate=&#8221;256deg&#8221; filter_saturate=&#8221;200%&#8221; global_colors_info=&#8221;{}&#8221;][\/et_pb_image][\/et_pb_column][et_pb_column type=&#8221;1_4&#8243; _builder_version=&#8221;4.21.0&#8243; _module_preset=&#8221;default&#8221; global_colors_info=&#8221;{}&#8221;][et_pb_image src=&#8221;https:\/\/www.comunitafiglididio.net\/wp-content\/uploads\/2024\/02\/testamento-spirituale-divo-barsotti.webp&#8221; alt=&#8221;testamento-spirituale-divo-barsotti&#8221; title_text=&#8221;testamento-spirituale-divo-barsotti&#8221; _builder_version=&#8221;4.23.4&#8243; _module_preset=&#8221;default&#8221; filter_hue_rotate=&#8221;47deg&#8221; filter_saturate=&#8221;200%&#8221; filter_sepia=&#8221;100%&#8221; global_colors_info=&#8221;{}&#8221;][\/et_pb_image][\/et_pb_column][\/et_pb_row][et_pb_row _builder_version=&#8221;4.21.0&#8243; _module_preset=&#8221;default&#8221; locked=&#8221;off&#8221; global_colors_info=&#8221;{}&#8221;][et_pb_column type=&#8221;4_4&#8243; _builder_version=&#8221;4.20.2&#8243; _module_preset=&#8221;default&#8221; global_colors_info=&#8221;{}&#8221;][et_pb_text _builder_version=&#8221;4.23.4&#8243; _module_preset=&#8221;default&#8221; text_font=&#8221;Poppins|300|||||||&#8221; text_text_color=&#8221;#000000&#8243; text_font_size=&#8221;20px&#8221; text_line_height=&#8221;1.2em&#8221; text_font_size_tablet=&#8221;20px&#8221; text_font_size_phone=&#8221;17px&#8221; text_font_size_last_edited=&#8221;on|phone&#8221; global_colors_info=&#8221;{}&#8221;]<\/p>\n<p>It is not to me that you have given yourselves, but to God, and God has accepted you. And now, particularly to all those of you who are in the world, in the first branches of the Community. From all of you, a greater conviction is required in your vocation and in the work of God that you have been called to create in this union among yourselves. I would urge especially those who have been consecrated for the longest time to be a living example, to be firm in faith, to be certain that the Community is the work of God, wanted by God, yet a work which you yourselves have to perform, with simplicity and perseverance, with humility but in the conviction that you are answering a precise calling of the Lord. I urge you to live in peace and harmony amongst yourselves and to be obedient to your superiors. As I leave this life, I feel indebted to numerous souls who have helped me by their example and their love. They have illuminated my path, supported me with their advice and have been patient with me. Together with Him Whom I have tried to love above all others, Blessed Jesus, I ask the Virgin to welcome me as Her son; She will come to meet me, having already obtained for me the pardon of all my sins and numerous infidelities. But with Jesus and the Virgin, I hope that numerous other souls will come to meet me, those to whom the Lord was pleased to bind me in bonds of paternity and often in a relationship of filial dependence. I will see again my blood brothers, my father and mother; but most certainly, the greatest and truest unity in love, in my union in Christ, will be with all my sons and daughters. I know that I have failed them many times, but I also know that I have been forgiven for everything. I have received nothing but love. Only God could reward each one of them for all they have given me. How many great souls there are in this Community to which God has called us! Simple, humble souls, but great souls. What I have been for them, only God can say. However, I do know that I should have been much more of a living image of Him Whom I was representing. What an immense communion of love will be ours in Heaven! But this will not take me away from communion with those I now leave here on earth. And this communion will be with the Father, the Son and the Holy Spirit: within the bosom of the Most Holy Trinity, we will become a single hymn of praise, thanksgiving and love. \u201cHear, O Israel. The Lord our God is one Lord. And you shall love the Lord Your God with all your heart, with all your soul and with all your might. And you shall love your neighbour as yourself.&#8221;<\/p>\n<p>[\/et_pb_text][et_pb_text _builder_version=&#8221;4.23.4&#8243; _module_preset=&#8221;default&#8221; text_font=&#8221;Poppins|300|||||||&#8221; text_text_color=&#8221;#000000&#8243; text_font_size=&#8221;20px&#8221; text_line_height=&#8221;1.2em&#8221; text_font_size_tablet=&#8221;20px&#8221; text_font_size_phone=&#8221;17px&#8221; text_font_size_last_edited=&#8221;on|phone&#8221; global_colors_info=&#8221;{}&#8221;]<\/p>\n<p style=\"text-align: right;\"><strong><em>\u201cThe Father<\/em><\/strong><strong><em>\u201d<\/em><\/strong><\/p>\n<p>[\/et_pb_text][\/et_pb_column][\/et_pb_row][\/et_pb_section]<\/p>\n","protected":false},"excerpt":{"rendered":"<p>Testament of Divo BarsottiHave faithI have no fear of Death; I have already experienced a foretaste of communion with Him through those I have loved. Have faith. God will not fail you. Do not worry about your numbers; the important thing is to stay united. Remember that the religious life is a commitment of faith in God who is present and who is infinite Love. And that is exactly why He cannot give us the proof of this while we are still living here on earth. Any consolation in this life is only an aid for us so that we can live in faith according to His will. That is why I ask you to have faith, a simple faith, pure but great. God will not fail you. You have given yourselves to Him, and He has taken you; you are His forever. It is only a relative fact that the wall of the body prevents us from living together. Union with Him is not to be found in a sensory experience, but in Christ Who has united us to Himself and has wanted us to be One Body with Him. Love the Church, the visible sacrament of the Presence [&hellip;]<\/p>\n","protected":false},"author":1,"featured_media":9915,"parent":0,"menu_order":0,"comment_status":"closed","ping_status":"closed","template":"","meta":{"_et_pb_use_builder":"on","_et_pb_old_content":"<p>[et_pb_section fb_built=\"1\" custom_padding_last_edited=\"on|phone\" _builder_version=\"4.23.4\" _module_preset=\"default\" background_image=\"https:\/\/www.comunitafiglididio.net\/wp-content\/uploads\/2024\/02\/testamento-spirituale.webp\" background_blend=\"multiply\" custom_padding=\"75px||90px||false|\" custom_padding_tablet=\"75px||90px||false|\" custom_padding_phone=\"||50px||false|false\" bottom_divider_style=\"curve\" bottom_divider_color=\"#f7f7f7\" bottom_divider_height_tablet=\"\" bottom_divider_height_phone=\"45px\" bottom_divider_height_last_edited=\"on|phone\" hover_enabled=\"0\" locked=\"off\" global_colors_info=\"{}\" alt=\"testamento-spirituale\" title_text=\"testamento-spirituale\" background_position=\"bottom_center\" background_vertical_offset=\"55%\" sticky_enabled=\"0\"][et_pb_row _builder_version=\"4.20.2\" _module_preset=\"default\" max_width=\"2560px\" locked=\"off\" global_colors_info=\"{}\"][et_pb_column type=\"4_4\" _builder_version=\"4.20.2\" _module_preset=\"default\" global_colors_info=\"{}\"][et_pb_text _builder_version=\"4.23.4\" _module_preset=\"default\" header_font=\"Corinthia||||||||\" header_text_align=\"center\" header_text_color=\"#FFFFFF\" header_font_size=\"10vw\" hover_transition_duration=\"2000ms\" scroll_vertical_motion=\"0|80|80|100|0|0|12\" scroll_fade=\"0|70|70|100|100%|100|70%\" motion_trigger_start=\"bottom\" header_font_size_tablet=\"10vw\" header_font_size_phone=\"12vw\" header_font_size_last_edited=\"on|phone\" scroll_vertical_motion_tablet=\"0|50|50|100|0|0|0\" scroll_vertical_motion_phone=\"0|50|50|100|0|0|0\" scroll_vertical_motion_last_edited=\"on|desktop\" global_colors_info=\"{}\"]<\/p><h1>Testamento spirituale<\/h1><p>[\/et_pb_text][\/et_pb_column][\/et_pb_row][\/et_pb_section][et_pb_section fb_built=\"1\" _builder_version=\"4.21.0\" _module_preset=\"default\" background_color=\"#f7f7f7\" locked=\"off\" global_colors_info=\"{}\"][et_pb_row _builder_version=\"4.21.0\" _module_preset=\"default\" locked=\"off\" global_colors_info=\"{}\"][et_pb_column type=\"4_4\" _builder_version=\"4.20.2\" _module_preset=\"default\" global_colors_info=\"{}\"][et_pb_text _builder_version=\"4.23.4\" _module_preset=\"default\" text_font=\"Corinthia|700|||||||\" text_text_color=\"#000000\" text_font_size=\"60px\" text_line_height=\"1.2em\" header_2_font=\"Corinthia|700|||||||\" header_2_text_color=\"#000000\" header_2_font_size=\"60px\" header_2_line_height=\"1.2em\" custom_margin=\"||5px||false|false\" text_font_size_tablet=\"60px\" text_font_size_phone=\"45px\" text_font_size_last_edited=\"on|phone\" header_2_font_size_tablet=\"60px\" header_2_font_size_phone=\"45px\" header_2_font_size_last_edited=\"on|desktop\" global_colors_info=\"{}\"]<\/p><h2 class=\"p-rich_text_section\">Abbiate fiducia<\/h2><p>[\/et_pb_text][et_pb_text _builder_version=\"4.21.0\" _module_preset=\"default\" text_font=\"Poppins|300|||||||\" text_text_color=\"#000000\" text_font_size=\"20px\" text_line_height=\"1.2em\" text_font_size_tablet=\"20px\" text_font_size_phone=\"17px\" text_font_size_last_edited=\"on|phone\" global_colors_info=\"{}\"]La morte non mi fa paura, gi\u00e0 ho vissuto un anticipo di comunione con Lui attraverso coloro che ho amato. Abbiate fiducia. Dio non mancher\u00e0. Non vi preoccupate per il numero; importante \u00e8 che stiate uniti. Ricordatevi che la vita religiosa \u00e8 un impegno di fede in Dio che \u00e8 presente, ed \u00e8 l\u2019Amore infinito. Ma proprio per questo Egli non pu\u00f2 darcene la prova finch\u00e9 viviamo nel corpo. Le consolazioni quaggi\u00f9 sono solo un aiuto perch\u00e9 viviamo nella fede l\u2019adesione alla sua volont\u00e0. Per questo chiedo a voi la fede, una fede semplice, pura, ma grande. Dio non vi mancher\u00e0. Vi siete donati a Lui, ed Egli vi ha preso: siete suoi per sempre.<\/p><p>E\u2019 un fatto assai relativo che la parete del corpo ci impedisca di vivere insieme. L\u2019unione con Lui non \u00e8 nell\u2019esperienza sensibile, ma nel Cristo che ci ha uniti a s\u00e9 e ci ha voluti un solo Corpo con Lui. Amate la Chiesa, il sacramento visibile della Presenza di Dio quaggi\u00f9 sulla terra.<br \/>Siate certi e sicuri della vostra vocazione e sappiate difenderla. A tutti \u2013 specialmente a quelli della vita comune \u2013 voglio rivolgere l\u2019ultimo mio saluto, il mio ringraziamento pi\u00f9 fervido, pi\u00f9 vivo, la mia assicurazione che non abbandoner\u00f2 nessuno. Raccomando di essere uniti; non dubitate, non disperdetevi, non scoraggiatevi. Dio chiede la fede, e tanto pi\u00f9 questa \u00e8 vera, tanto pi\u00f9 \u00e8 potente. Ricordatevi del seme di senapa. Dovete credere in Dio che vi ha chiamati. Io vi lascio apparentemente. Realmente, sono con voi pi\u00f9 di prima.<\/p><p>Ma prima della mia presenza, deve essere per voi sicurezza il Cristo che vi ha chiamati e vi ha uniti tra voi. Ricordatevi che una consacrazione a Dio, l\u2019unione con Lui diviene reale e sicura solo nell\u2019unione fraterna con coloro che Dio unisce a noi nella stessa vocazione e nello stesso cammino. Se vi disperderete, non solo mancherete all\u2019unione, ma comprometterete gravemente la vostra risposta al Signore.<\/p><p>Ce lo insegna tutta la tradizione cristiana.[\/et_pb_text][\/et_pb_column][\/et_pb_row][et_pb_row column_structure=\"1_4,1_4,1_4,1_4\" use_custom_gutter=\"on\" gutter_width=\"1\" _builder_version=\"4.21.0\" _module_preset=\"default\" width=\"100%\" max_width=\"2560px\" global_colors_info=\"{}\"][et_pb_column type=\"1_4\" _builder_version=\"4.21.0\" _module_preset=\"default\" global_colors_info=\"{}\"][et_pb_image src=\"https:\/\/www.comunitafiglididio.net\/wp-content\/uploads\/2024\/02\/testamento-spirituale-divo-barsotti.webp\" title_text=\"testamento-spirituale-divo-barsotti\" _builder_version=\"4.23.4\" _module_preset=\"default\" hover_enabled=\"0\" global_colors_info=\"{}\" sticky_enabled=\"0\" alt=\"testamento-spirituale-divo-barsotti\"][\/et_pb_image][\/et_pb_column][et_pb_column type=\"1_4\" _builder_version=\"4.21.0\" _module_preset=\"default\" global_colors_info=\"{}\"][et_pb_image src=\"https:\/\/www.comunitafiglididio.net\/wp-content\/uploads\/2024\/02\/testamento-spirituale-divo-barsotti.webp\" title_text=\"testamento-spirituale-divo-barsotti\" _builder_version=\"4.23.4\" _module_preset=\"default\" filter_hue_rotate=\"203deg\" filter_saturate=\"200%\" hover_enabled=\"0\" global_colors_info=\"{}\" alt=\"testamento-spirituale-divo-barsotti\" sticky_enabled=\"0\"][\/et_pb_image][\/et_pb_column][et_pb_column type=\"1_4\" _builder_version=\"4.21.0\" _module_preset=\"default\" global_colors_info=\"{}\"][et_pb_image src=\"https:\/\/www.comunitafiglididio.net\/wp-content\/uploads\/2024\/02\/testamento-spirituale-divo-barsotti.webp\" title_text=\"testamento-spirituale-divo-barsotti\" _builder_version=\"4.23.4\" _module_preset=\"default\" filter_hue_rotate=\"256deg\" filter_saturate=\"200%\" hover_enabled=\"0\" global_colors_info=\"{}\" alt=\"testamento-spirituale-divo-barsotti\" sticky_enabled=\"0\"][\/et_pb_image][\/et_pb_column][et_pb_column type=\"1_4\" _builder_version=\"4.21.0\" _module_preset=\"default\" global_colors_info=\"{}\"][et_pb_image src=\"https:\/\/www.comunitafiglididio.net\/wp-content\/uploads\/2024\/02\/testamento-spirituale-divo-barsotti.webp\" title_text=\"testamento-spirituale-divo-barsotti\" _builder_version=\"4.23.4\" _module_preset=\"default\" filter_hue_rotate=\"47deg\" filter_saturate=\"200%\" filter_sepia=\"100%\" hover_enabled=\"0\" global_colors_info=\"{}\" alt=\"testamento-spirituale-divo-barsotti\" sticky_enabled=\"0\"][\/et_pb_image][\/et_pb_column][\/et_pb_row][et_pb_row _builder_version=\"4.21.0\" _module_preset=\"default\" locked=\"off\" global_colors_info=\"{}\"][et_pb_column type=\"4_4\" _builder_version=\"4.20.2\" _module_preset=\"default\" global_colors_info=\"{}\"][et_pb_text _builder_version=\"4.21.0\" _module_preset=\"default\" text_font=\"Poppins|300|||||||\" text_text_color=\"#000000\" text_font_size=\"20px\" text_line_height=\"1.2em\" text_font_size_tablet=\"20px\" text_font_size_phone=\"17px\" text_font_size_last_edited=\"on|phone\" global_colors_info=\"{}\"]Non \u00e8 a me che vi siete donati, ma a Dio, e Dio vi ha accolti. E ora in particolare a tutti voi che siete nel mondo, nel primi rami della Comunit\u00e0. S\u2019impone a tutti una certezza pi\u00f9 grande della vostra vocazione e dell\u2019opera di Dio che siete stati chiamati a realizzare nell\u2019unione tra voi.<\/p><p>Raccomando soprattutto ai pi\u00f9 anziani di consacrazione di essere di esempio nella vita, di essere fermi nella fede, di essere sicuri che la Comunit\u00e0 \u00e8 opera voluta da Dio, opera che tuttavia siete voi che dovete realizzare, con semplicit\u00e0, con perseveranza, con umilt\u00e0 ma con la certezza di rispondere ad un preciso appello del Signore. Vi raccomando concordia tra voi, e l\u2019obbedienza ai legittimi superiori.<br \/>Lasciando questa vita, mi sento debitore di innumerevoli anime che con il loro esempio e con il loro amore mi hanno aiutato. Hanno illuminato la mia via, mi hanno sorretto con i loro consigli, hanno avuto pazienza con me. Insieme a Colui che ho cercato di amare, al di sopra di tutti, Ges\u00f9 benedetto, chiedo che vorr\u00e0 cogliermi come suo figlio la Vergine, mi verr\u00e0 incontro, avr\u00e0 gi\u00e0 ottenuto per me il perdono di tutti i miei peccati e delle mie innumerevoli infedelt\u00e0.<\/p><p>Ma con Ges\u00f9 e la Vergine, io spero che si faranno incontro a me le innumerevoli altre anime alle quali, nel tempo, il Signore ha voluto legarmi in un rapporto di paternit\u00e0 e a volte anche di dipendenza filiale. Rivedr\u00f2 i miei fratelli di sangue, il babbo, la mamma, ma certo l\u2019unit\u00e0 pi\u00f9 vera, pi\u00f9 grande nell\u2019amore, nella mia unione con Cristo, sar\u00e0 con tutti i miei figli. So di avere mancato tanto verso di loro, ma so ugualmente che tutto mi \u00e8 stato perdonato. Non ho ricevuto che amore. Soltanto Dio potrebbe ricompensare ciascuno di tutto quello che mi ha dato. Quante anime grandi nella Comunit\u00e0 alla quale Dio ha voluto che appartenessimo! Anime semplici, umili, ma anche anime grandi. Che cosa io sono stato per loro, Dio solo pu\u00f2 dirlo. So comunque che dovevo essere immensamente di pi\u00f9 una immagine viva di Colui che rappresentavo.<\/p><p>Quale immensa comunione di amore sar\u00e0 la nostra nel Cielo! Ma questa non mi sottrarr\u00e0 alla comunione con coloro che ho lasciato quaggi\u00f9 sulla terra. E questa comunione sar\u00e0 col Padre, col Figlio e con lo Spirito Santo; nel seno della Trinit\u00e0 Santissima, non saremo che un unico inno di lode, ringraziamento e amore.[\/et_pb_text][et_pb_text _builder_version=\"4.21.0\" _module_preset=\"default\" text_font=\"Poppins|300|||||||\" text_text_color=\"#000000\" text_font_size=\"20px\" text_line_height=\"1.2em\" text_font_size_tablet=\"20px\" text_font_size_phone=\"17px\" text_font_size_last_edited=\"on|phone\" global_colors_info=\"{}\"]<\/p><p><strong><em>\u201cAscolta Israele, <\/em><\/strong><strong><em>il Signore \u00e8 il nostro Dio, <\/em><\/strong><strong><em>il Signore \u00e8 uno solo. <\/em><\/strong><strong><em>Tu amerai il Signore tuo Dio con tutto il cuore, <\/em><\/strong><strong><em>con tutta l\u2019anima con tutte le forze, <\/em><\/strong><strong><em>amerai il prossimo tuo come te stesso\u201d.<\/em><\/strong><\/p><p>[\/et_pb_text][\/et_pb_column][\/et_pb_row][\/et_pb_section]<\/p>","_et_gb_content_width":"","footnotes":""},"aioseo_notices":[],"_links":{"self":[{"href":"https:\/\/www.comunitafiglididio.net\/en\/wp-json\/wp\/v2\/pages\/10089"}],"collection":[{"href":"https:\/\/www.comunitafiglididio.net\/en\/wp-json\/wp\/v2\/pages"}],"about":[{"href":"https:\/\/www.comunitafiglididio.net\/en\/wp-json\/wp\/v2\/types\/page"}],"author":[{"embeddable":true,"href":"https:\/\/www.comunitafiglididio.net\/en\/wp-json\/wp\/v2\/users\/1"}],"replies":[{"embeddable":true,"href":"https:\/\/www.comunitafiglididio.net\/en\/wp-json\/wp\/v2\/comments?post=10089"}],"version-history":[{"count":4,"href":"https:\/\/www.comunitafiglididio.net\/en\/wp-json\/wp\/v2\/pages\/10089\/revisions"}],"predecessor-version":[{"id":10094,"href":"https:\/\/www.comunitafiglididio.net\/en\/wp-json\/wp\/v2\/pages\/10089\/revisions\/10094"}],"wp:featuredmedia":[{"embeddable":true,"href":"https:\/\/www.comunitafiglididio.net\/en\/wp-json\/wp\/v2\/media\/9915"}],"wp:attachment":[{"href":"https:\/\/www.comunitafiglididio.net\/en\/wp-json\/wp\/v2\/media?parent=10089"}],"curies":[{"name":"wp","href":"https:\/\/api.w.org\/{rel}","templated":true}]}}